{"id":2,"date":"2020-06-30T18:37:36","date_gmt":"2020-06-30T16:37:36","guid":{"rendered":"http:\/\/segway-in-steyr.at\/sis\/?page_id=2"},"modified":"2025-10-17T10:44:43","modified_gmt":"2025-10-17T08:44:43","slug":"home","status":"publish","type":"page","link":"https:\/\/segway-in-steyr.at\/sis\/home\/","title":{"rendered":"Home"},"content":{"rendered":"<p>[et_pb_section fb_built=&#8220;1&#8243; _builder_version=&#8220;4.16&#8243; background_color=&#8220;#eeeeee&#8220; custom_padding=&#8220;0px||0px||false|false&#8220; global_colors_info=&#8220;{}&#8220;][et_pb_row _builder_version=&#8220;4.16&#8243; custom_margin=&#8220;0px||0px||false|false&#8220; custom_padding=&#8220;0px||0px||false|false&#8220; global_colors_info=&#8220;{}&#8220;][et_pb_column type=&#8220;4_4&#8243; _builder_version=&#8220;4.16&#8243; global_colors_info=&#8220;{}&#8220;][et_pb_image src=&#8220;http:\/\/segway-in-steyr.at\/sis\/wp-content\/uploads\/2020\/07\/touren_header.jpg&#8220; title_text=&#8220;touren_header&#8220; align=&#8220;center&#8220; force_fullwidth=&#8220;on&#8220; disabled_on=&#8220;on|off|off&#8220; _builder_version=&#8220;4.16&#8243; module_alignment=&#8220;center&#8220; global_colors_info=&#8220;{}&#8220;][\/et_pb_image][\/et_pb_column][\/et_pb_row][et_pb_row _builder_version=&#8220;4.16&#8243; custom_margin=&#8220;0px||0px||false|false&#8220; custom_padding=&#8220;0px||0px||false|false&#8220; global_colors_info=&#8220;{}&#8220;][et_pb_column type=&#8220;4_4&#8243; _builder_version=&#8220;4.16&#8243; global_colors_info=&#8220;{}&#8220;][et_pb_image src=&#8220;http:\/\/segway-in-steyr.at\/sis\/wp-content\/uploads\/2020\/07\/MHM_header-sis-mobile.jpg&#8220; title_text=&#8220;MHM_header-sis-mobile&#8220; align=&#8220;center&#8220; force_fullwidth=&#8220;on&#8220; disabled_on=&#8220;off|on|on&#8220; _builder_version=&#8220;4.16&#8243; module_alignment=&#8220;center&#8220; global_colors_info=&#8220;{}&#8220;][\/et_pb_image][\/et_pb_column][\/et_pb_row][\/et_pb_section][et_pb_section fb_built=&#8220;1&#8243; custom_padding_last_edited=&#8220;on|tablet&#8220; _builder_version=&#8220;4.21.0&#8243; background_color=&#8220;#eeeeee&#8220; custom_margin=&#8220;0px||0px||false|false&#8220; custom_padding=&#8220;0px||0px||false|false&#8220; custom_padding_tablet=&#8220;5%||5%||false|false&#8220; custom_padding_phone=&#8220;&#8220; saved_tabs=&#8220;all&#8220; global_colors_info=&#8220;{}&#8220;][et_pb_row column_structure=&#8220;3_4,1_4&#8243; use_custom_gutter=&#8220;on&#8220; gutter_width=&#8220;1&#8243; make_equal=&#8220;on&#8220; module_id=&#8220;float&#8220; _builder_version=&#8220;4.16&#8243; background_color=&#8220;#0a9534&#8243; background_size=&#8220;initial&#8220; background_position=&#8220;top_left&#8220; background_repeat=&#8220;repeat&#8220; width=&#8220;320px&#8220; width_tablet=&#8220;&#8220; width_phone=&#8220;&#8220; width_last_edited=&#8220;on|tablet&#8220; custom_margin=&#8220;|||-241px|false|false&#8220; custom_margin_tablet=&#8220;|10%||10%|false|false&#8220; custom_margin_phone=&#8220;&#8220; custom_margin_last_edited=&#8220;on|tablet&#8220; custom_padding=&#8220;0px||0px||false|false&#8220; module_alignment_tablet=&#8220;center&#8220; module_alignment_phone=&#8220;&#8220; module_alignment_last_edited=&#8220;on|tablet&#8220; border_radii=&#8220;off||10px|10px|&#8220; border_radii_tablet=&#8220;off||0px|0px|&#8220; border_radii_phone=&#8220;&#8220; border_radii_last_edited=&#8220;on|desktop&#8220; global_colors_info=&#8220;{}&#8220; custom_margin__hover_enabled=&#8220;on|desktop&#8220; custom_margin__hover=&#8220;|||0px|false|false&#8220;][et_pb_column type=&#8220;3_4&#8243; _builder_version=&#8220;4.16&#8243; custom_padding=&#8220;|5px||5px|false|false&#8220; border_width_right=&#8220;1px&#8220; border_color_right=&#8220;#cccccc&#8220; global_colors_info=&#8220;{}&#8220; custom_padding__hover=&#8220;|||&#8220;][et_pb_text _builder_version=&#8220;4.16&#8243; background_color=&#8220;#ffffff&#8220; custom_margin=&#8220;10px||1px||false|false&#8220; custom_padding=&#8220;0px||0px|15px|false|false&#8220; link_option_url=&#8220;http:\/\/segway-in-steyr.at\/sis\/home\/&#8220; global_colors_info=&#8220;{}&#8220;]<\/p>\n<h3>Frage? beantwortet!<\/h3>\n<p>[\/et_pb_text][et_pb_text _builder_version=&#8220;4.16&#8243; background_color=&#8220;#ffffff&#8220; custom_margin=&#8220;0px||1px||false|false&#8220; custom_padding=&#8220;0px||0px|15px|false|false&#8220; link_option_url=&#8220;www.segway-in-steyr.at\/sis\/touren&#8220; global_colors_info=&#8220;{}&#8220;]<\/p>\n<h3>Schwebe &#8211; Erlebnisse<\/h3>\n<p>[\/et_pb_text][et_pb_text _builder_version=&#8220;4.16&#8243; background_color=&#8220;#ffffff&#8220; custom_margin=&#8220;0px||1px||false|false&#8220; custom_padding=&#8220;0px||0px|15px|false|false&#8220; link_option_url=&#8220;www.segway-in-steyr.at\/sis\/gliders-club&#8220; global_colors_info=&#8220;{}&#8220;]<\/p>\n<h3>GlidersClub<\/h3>\n<p>[\/et_pb_text][et_pb_text _builder_version=&#8220;4.16&#8243; background_color=&#8220;#ffffff&#8220; custom_margin=&#8220;0px||1px||false|false&#8220; custom_padding=&#8220;0px||0px|15px|false|false&#8220; link_option_url=&#8220;http:\/\/www.mohumo.at\/boardingarea&#8220; link_option_url_new_window=&#8220;on&#8220; global_colors_info=&#8220;{}&#8220;]<\/p>\n<h3>HeuteMorgen<\/h3>\n<p>[\/et_pb_text][et_pb_text _builder_version=&#8220;4.16&#8243; background_color=&#8220;#ffffff&#8220; custom_margin=&#8220;0px||10px||false|false&#8220; custom_padding=&#8220;0px||0px|15px|false|false&#8220; link_option_url=&#8220;www.bookeo.com\/segwayinsteyr&#8220; link_option_url_new_window=&#8220;on&#8220; global_colors_info=&#8220;{}&#8220;]<\/p>\n<h3>Online BUCHEN Seite<\/h3>\n<p>[\/et_pb_text][\/et_pb_column][et_pb_column type=&#8220;1_4&#8243; _builder_version=&#8220;4.16&#8243; custom_padding=&#8220;|5px||5px|false|false&#8220; custom_css_main_element=&#8220;display: flex;||flex-direction: column;||justify-content: center;&#8220; border_width_right=&#8220;1px&#8220; border_color_right=&#8220;#cccccc&#8220; global_colors_info=&#8220;{}&#8220; custom_padding__hover=&#8220;|||&#8220;][et_pb_text disabled_on=&#8220;on|on|off&#8220; _builder_version=&#8220;4.16&#8243; header_text_color=&#8220;#ffffff&#8220; header_font_size=&#8220;20px&#8220; text_orientation=&#8220;center&#8220; global_colors_info=&#8220;{}&#8220;]<\/p>\n<h1>Men\u00fc<\/h1>\n<p>[\/et_pb_text][\/et_pb_column][\/et_pb_row][et_pb_row column_structure=&#8220;1_4,1_4,1_4,1_4&#8243; use_custom_gutter=&#8220;on&#8220; gutter_width=&#8220;1&#8243; make_equal=&#8220;on&#8220; admin_label=&#8220;row&#8220; module_class=&#8220;gq_r_fixed_buttons&#8220; _builder_version=&#8220;4.21.0&#8243; background_size=&#8220;initial&#8220; background_position=&#8220;top_left&#8220; background_repeat=&#8220;repeat&#8220; module_alignment=&#8220;center&#8220; custom_margin=&#8220;0px||20px||false|false&#8220; custom_padding=&#8220;0px|0px||0px|false|false&#8220; global_colors_info=&#8220;{}&#8220;][et_pb_column type=&#8220;1_4&#8243; _builder_version=&#8220;4.16&#8243; custom_padding=&#8220;|5px||5px|false|false&#8220; border_width_right=&#8220;1px&#8220; border_color_right=&#8220;#cccccc&#8220; global_colors_info=&#8220;{}&#8220; custom_padding__hover=&#8220;|||&#8220;][et_pb_text admin_label=&#8220;Text&#8220; _builder_version=&#8220;4.21.0&#8243; background_size=&#8220;initial&#8220; background_position=&#8220;top_left&#8220; background_repeat=&#8220;repeat&#8220; custom_padding=&#8220;||10px||false|false&#8220; global_colors_info=&#8220;{}&#8220;]<\/p>\n<h1>Sommerzeit 2025<\/h1>\n<p>[\/et_pb_text][et_pb_text content_last_edited=&#8220;off|desktop&#8220; admin_label=&#8220;Text&#8220; _builder_version=&#8220;4.21.0&#8243; background_size=&#8220;initial&#8220; background_position=&#8220;top_left&#8220; background_repeat=&#8220;repeat&#8220; custom_margin=&#8220;0px||0px||false|false&#8220; custom_padding=&#8220;0px||0px||false|false&#8220; global_colors_info=&#8220;{}&#8220; content__hover_enabled=&#8220;off|desktop&#8220;]<\/p>\n<p>Mit der Sommerzeit starteten wir wieder unseren regelm\u00e4ssigen Tourbetrieb:<\/p>\n<p><strong>Sonntag, der 30.M\u00e4rz 2025<\/strong><br \/>bis<br \/><strong>Samstag, 25. Oktober 2025<br \/><\/strong><br \/>schweben wir t\u00e4glich und regelm\u00e4ssig. Bei passendem Wetter auch nachher noch gerne auf Anfrage.<\/p>\n<p><span>Der Gr\u00fcn\u00admarkt 15 in Steyr ist immer Aus\u00adgangs\u00adpunkt<\/span><strong><span class=\"caps\"><\/span><\/strong><strong><\/strong><\/p>\n<p><strong><\/strong><\/p>\n<p><strong><\/strong><\/p>\n<p><strong><\/strong><\/p>\n<p><strong><\/strong><\/p>\n<p><strong><\/strong><\/p>\n<p>&nbsp;<\/p>\n<p>&nbsp;<\/p>\n<p>&nbsp;<\/p>\n<p><span><\/span><\/p>\n<p>[\/et_pb_text][\/et_pb_column][et_pb_column type=&#8220;1_4&#8243; _builder_version=&#8220;4.16&#8243; custom_padding=&#8220;|5px||5px|false|false&#8220; border_width_right=&#8220;1px&#8220; border_color_right=&#8220;#cccccc&#8220; global_colors_info=&#8220;{}&#8220; custom_padding__hover=&#8220;|||&#8220;][et_pb_text admin_label=&#8220;Text&#8220; _builder_version=&#8220;4.16&#8243; background_size=&#8220;initial&#8220; background_position=&#8220;top_left&#8220; background_repeat=&#8220;repeat&#8220; custom_padding=&#8220;||10px||false|false&#8220; global_colors_info=&#8220;{}&#8220;]<\/p>\n<h1><strong>Erlebnis buchen!?<\/strong><\/h1>\n<p>[\/et_pb_text][et_pb_text admin_label=&#8220;Text&#8220; _builder_version=&#8220;4.21.0&#8243; background_size=&#8220;initial&#8220; background_position=&#8220;top_left&#8220; background_repeat=&#8220;repeat&#8220; custom_margin=&#8220;0px||0px||false|false&#8220; custom_padding=&#8220;0px||0px||false|false&#8220; global_colors_info=&#8220;{}&#8220;]<\/p>\n<h4><strong>Reser\u00advie\u00adrung n\u00f6tig?<\/strong><\/h4>\n<p><strong><span class=\"caps\">JA<\/span><\/strong>, wir schwe\u00adben nur bei vor\u00adlie\u00adgen\u00adden Reser\u00advie\u00adrun\u00adgen. Gerne auch kurzfristig (telefon)<\/p>\n<p><strong>Online buchen<\/strong><span><br \/><\/span>Bitte buchen Sie Ihre Tour vorab. 24 Stunden Vorlauf w\u00e4ren praktisch und stressfrei &#8230;<\/p>\n<p>&nbsp;<\/p>\n<p><a href=\"http:\/\/www.bookeo.com\/segwayinsteyr\" target=\"_blank\" rel=\"noopener\" title=\"online buchen\"><img loading=\"lazy\" decoding=\"async\" src=\"http:\/\/segway-in-steyr.at\/sis\/wp-content\/uploads\/2021\/04\/MHM_buchung-button-1.png\" width=\"160\" height=\"53\" alt=\"\" class=\"wp-image-445 aligncenter size-full\" \/><\/a><\/p>\n<p><strong>Am<span>\u00a0<\/span><a href=\"http:\/\/www.mohumo.at\/boardingarea\" target=\"_blank\" rel=\"noopener noreferrer\">Erlebnistag<\/a><span>\u00a0<\/span>buchen<span>\u00a0<\/span>bitte Anru\u00adfen (Tonband\/Journaldienst)<\/strong><\/p>\n<p><a target=\"_blank\" linktype=\"2\" href=\"mailto:erlebnisse@segway-in-steyr.at?subject=ja%2C%20wir%20haben%20interesse%20an%20einer%20segway%20tour.%20wir%20tragen%20nur%20das%20ein%20was%20wir%20wissen%20%3B)&amp;body=Datum%3A%0AUhrzeit:%0ATourvariante%20%2F%20L%C3%A4nge:%0AAnzahl%20Teilnehmer:%0AWunschGuide%3A%0A%0Aganz%20liebe%20gr%C3%BCsse%20aus%3A%0A%0AHandynummer%3A\" rel=\"noopener noreferrer\"><strong>erlebnis per mail anfra\u00adgen (<span class=\"caps\">CLICK<\/span>)<\/strong><\/a><\/p>\n<h3><strong><span>Mit uns\u00a0<\/span>\u2026<\/strong><\/h3>\n<p><strong style=\"font-size: 12px;\"><span class=\"caps\">SPRECHEN<\/span><\/strong><span style=\"font-size: 12px;\">\u00a0+43 720 554721<br \/><\/span><strong style=\"font-size: 12px;\"><span class=\"caps\">SCHREIBEN<\/span><\/strong><span style=\"font-size: 12px;\"> <a href=\"mailto:touren@segway-in-steyr.at\">erlebnisse@segway-in-steyr.at<\/a><\/span><\/p>\n<p><strong><a target=\"_blank\" linktype=\"2\" href=\"mailto:erlebnisse@segway-in-steyr.at?subject=ja%2C%20wir%20haben%20interesse%20an%20einer%20segway%20tour.%20wir%20tragen%20nur%20das%20ein%20was%20wir%20wissen%20%3B)&amp;body=Datum%3A%0AUhrzeit:%0ATourvariante%20%2F%20L%C3%A4nge:%0AAnzahl%20Teilnehmer:%0AWunschGuide%3A%0A%0Aganz%20liebe%20gr%C3%BCsse%20aus%3A%0A%0AHandynummer%3A\" rel=\"noopener noreferrer\">erlebnis per mail anfra\u00adgen (CLICK)<\/a><\/strong><\/p>\n<p>[\/et_pb_text][\/et_pb_column][et_pb_column type=&#8220;1_4&#8243; _builder_version=&#8220;4.16&#8243; custom_padding=&#8220;|5px||5px|false|false&#8220; border_width_right=&#8220;1px&#8220; border_color_right=&#8220;#cccccc&#8220; global_colors_info=&#8220;{}&#8220; custom_padding__hover=&#8220;|||&#8220;][et_pb_text admin_label=&#8220;Text&#8220; _builder_version=&#8220;4.16&#8243; background_size=&#8220;initial&#8220; background_position=&#8220;top_left&#8220; background_repeat=&#8220;repeat&#8220; custom_padding=&#8220;||10px||false|false&#8220; global_colors_info=&#8220;{}&#8220;]<\/p>\n<h1>Fragen? Antworten!<\/h1>\n<p>[\/et_pb_text][et_pb_text admin_label=&#8220;Text&#8220; _builder_version=&#8220;4.16&#8243; background_size=&#8220;initial&#8220; background_position=&#8220;top_left&#8220; background_repeat=&#8220;repeat&#8220; custom_margin=&#8220;0px||0px||false|false&#8220; custom_padding=&#8220;0px||0px||false|false&#8220; global_colors_info=&#8220;{}&#8220;]<\/p>\n<p><strong>Alter\u00a0<\/strong>ab Fahr\u00adrad\u00adf\u00fch\u00adrer\u00adschein bis \u2026<\/p>\n<p><strong>Gewicht <\/strong>40\u2013115 kG \u201eLebend\u00adge\u00adwicht\u201c<\/p>\n<p><strong>Wet\u00adter <\/strong>Ent\u00adschei\u00adden Sie, ob es passt<\/p>\n<p><strong>Storno gibts! <\/strong>Kos\u00adtet aber nix<\/p>\n<p><strong>Angst <\/strong>Schu\u00adlung wirkt dage\u00adgen, ehr\u00adlich<\/p>\n<p><strong>Unge\u00adschickt <\/strong>na geh, gibts ned<\/p>\n<p><strong>Schu\u00adlung <\/strong>immer dabei!<\/p>\n<p><strong>Dauer <\/strong>siehe Beschreibung, Schu\u00adlung immer inklusive<\/p>\n<p><strong>Preise <\/strong>immer pro Per\u00adson (ab 9 Per\u00adso\u00adnen 2. Guide und daher Auf\u00adpreis m\u00f6g\u00adlich)<\/p>\n<p><strong>Gef\u00e4hr\u00adlich <\/strong>wie Rad\u00adfah\u00adren oder so<\/p>\n<p><strong>Spass <\/strong>garan\u00adtiert, sofern sie wol\u00adlen<\/p>\n<p><strong>Ter\u00admine <\/strong>t\u00e4g\u00adlich, st\u00fcnd\u00adlich m\u00f6g\u00adlich (bei rechtzeitiger Buchung)<\/p>\n<p><strong>Bezah\u00adlen <\/strong>vor Ort (bar, maes\u00adtro, Kre\u00addit, Gut\u00adschein)<\/p>\n<p><strong>Menge <\/strong>maxi\u00admal 30 gleich\u00adzei\u00adtig pro Tour<\/p>\n<p><strong>Mehr als 30 Per\u00adso\u00adnen? <\/strong>bitte anru\u00adfen!<\/p>\n<p><strong>Nur mie\u00adten? <\/strong><span>wir machen nur begleitete\/gef\u00fchrte Erlebnisse.<\/span>\u00a0<\/p>\n<p>[\/et_pb_text][\/et_pb_column][et_pb_column type=&#8220;1_4&#8243; _builder_version=&#8220;4.16&#8243; custom_padding=&#8220;|5px||5px|false|false&#8220; border_width_right=&#8220;1px&#8220; border_color_right=&#8220;#cccccc&#8220; global_colors_info=&#8220;{}&#8220; custom_padding__hover=&#8220;|||&#8220;][et_pb_text admin_label=&#8220;Text&#8220; _builder_version=&#8220;4.16&#8243; background_size=&#8220;initial&#8220; background_position=&#8220;top_left&#8220; background_repeat=&#8220;repeat&#8220; custom_padding=&#8220;||10px||false|false&#8220; global_colors_info=&#8220;{}&#8220;]<\/p>\n<h1>Gutscheine<\/h1>\n<p>[\/et_pb_text][et_pb_text admin_label=&#8220;Text&#8220; _builder_version=&#8220;4.21.0&#8243; background_size=&#8220;initial&#8220; background_position=&#8220;top_left&#8220; background_repeat=&#8220;repeat&#8220; custom_margin=&#8220;0px||0px||false|false&#8220; custom_padding=&#8220;0px||0px||false|false&#8220; hover_enabled=&#8220;0&#8243; global_colors_info=&#8220;{}&#8220; sticky_enabled=&#8220;0&#8243;]<\/p>\n<p><span>Gut\u00adscheine gibt es f\u00fcr alle L\u00e4n\u00adgen (2,3,4 Stun\u00adden \u2014 68, 78, 88 Euro), sind \u00fcber\u00adtrag\u00adbar und auch auf alle Erlebnisse anre\u00adchen\u00adbar.<\/span><\/p>\n<h4><strong><span class=\"caps\">Zahlen und mitnehmen<\/span><\/strong><\/h4>\n<p><span>Tou\u00adris\u00admus\u00adver\u00adband Steyr<\/span><br \/><span>Stadt\u00adplatz 27, 4400 Steyr<\/span><br \/><span>Mo-Fr 9.00 bis 18.00 Uhr<\/span><br \/><span>Sa 9.00 bis 12.00 Uhr<\/span><\/p>\n<h4><strong><span class=\"caps\">Per Post auf Rechnung<\/span><\/strong><span> <strong><\/strong><\/span><\/h4>\n<h6><span><strong><a href=\"mailto:erlebnisse@segway-in-steyr.at?subject=ja, wir bestellen hiermit Segway Gutscheine. %20%3B)&amp;body=Tourvariante \/ L\u00e4nge %0AAnzahl %0A%0AName %0AStrasse %0APLZ\/Ort %0A%0A Zu den Gutscheinen erhalte ich eine Rechnung zum \u00dcberweisen des Gesamtbetrages\" target=\"_blank\" rel=\"noopener noreferrer\">hier clicken und per email <\/a>bestellen<\/strong><\/span><\/h6>\n<p>&nbsp;<\/p>\n<p>&nbsp;<\/p>\n<p><span><a href=\"http:\/\/bookeo.com\/segwayinsteyr\/customer\" target=\"_blank\" rel=\"noopener noreferrer\"><span class=\"caps\">LOGIN<\/span>\u00a0<span class=\"caps\">KUNDENCENTER<\/span><\/a><\/span><\/p>\n<p>[\/et_pb_text][\/et_pb_column][\/et_pb_row][\/et_pb_section]<\/p>\n","protected":false},"excerpt":{"rendered":"<p>Frage? beantwortet!Schwebe &#8211; ErlebnisseGlidersClubHeuteMorgenOnline BUCHEN SeiteMen\u00fcSommerzeit 2025Mit der Sommerzeit starteten wir wieder unseren regelm\u00e4ssigen Tourbetrieb: Sonntag, der 30.M\u00e4rz 2025bisSamstag, 25. Oktober 2025schweben wir t\u00e4glich und regelm\u00e4ssig. Bei passendem Wetter auch nachher noch gerne auf Anfrage. Der Gr\u00fcn\u00admarkt 15 in Steyr ist immer Aus\u00adgangs\u00adpunkt &nbsp; &nbsp; &nbsp; Erlebnis buchen!?Reser\u00advie\u00adrung n\u00f6tig? JA, wir schwe\u00adben nur bei vor\u00adlie\u00adgen\u00adden [&hellip;]<\/p>\n","protected":false},"author":1,"featured_media":0,"parent":0,"menu_order":0,"comment_status":"closed","ping_status":"closed","template":"","meta":{"_et_pb_use_builder":"on","_et_pb_old_content":"<!-- wp:paragraph -->\n<p>Dies ist eine Beispiel-Seite. Sie unterscheidet sich von Beitr\u00e4gen, da sie stets an derselben Stelle bleibt und (bei den meisten Themes) in der Website-Navigation angezeigt wird. Die meisten starten mit einem Impressum, der Datenschutzerkl\u00e4rung oder einer \u201e\u00dcber&nbsp;uns\u201c-Seite, um sich potenziellen Besuchern der Website vorzustellen. Dort k\u00f6nnte zum Beispiel stehen:<\/p>\n<!-- \/wp:paragraph -->\n\n<!-- wp:quote -->\n<blockquote class=\"wp-block-quote\"><p>Hallo! Tags\u00fcber arbeite ich als Fahrradkurier, nachts bin ich ein aufstrebender Schauspieler und dies hier ist meine Website. Ich lebe in Berlin, habe einen gro\u00dfen Hund namens Jack, mag Pi\u00f1a Coladas, jedoch weniger (ohne Schirm) im Regen stehen gelassen zu werden.<\/p><\/blockquote>\n<!-- \/wp:quote -->\n\n<!-- wp:paragraph -->\n<p>...oder so etwas wie das hier:<\/p>\n<!-- \/wp:paragraph -->\n\n<!-- wp:quote -->\n<blockquote class=\"wp-block-quote\"><p>Das Unternehmen XYZ wurde 1971 gegr\u00fcndet und versorgt die \u00d6ffentlichkeit seither mit qualitativ hochwertigen Produkten. An seinem Standort in einer kleinen Gro\u00dfstadt besch\u00e4ftigt der Betrieb \u00fcber 2.000 Menschen und unterst\u00fctzt die Stadtbewohner in vielfacher Hinsicht.<\/p><\/blockquote>\n<!-- \/wp:quote -->\n\n<!-- wp:paragraph -->\n<p>Als neuer WordPress-Benutzer solltest du <a href=\"http:\/\/segway-in-steyr.at\/sis\/wp-admin\/\">dein Dashboard<\/a> aufrufen, um diese Seite zu l\u00f6schen und neue Seiten und Beitr\u00e4ge f\u00fcr deine Website erstellen. Viel Spa\u00df!<\/p>\n<!-- \/wp:paragraph -->","_et_gb_content_width":"","footnotes":""},"class_list":["post-2","page","type-page","status-publish","hentry"],"_links":{"self":[{"href":"https:\/\/segway-in-steyr.at\/sis\/wp-json\/wp\/v2\/pages\/2","targetHints":{"allow":["GET"]}}],"collection":[{"href":"https:\/\/segway-in-steyr.at\/sis\/wp-json\/wp\/v2\/pages"}],"about":[{"href":"https:\/\/segway-in-steyr.at\/sis\/wp-json\/wp\/v2\/types\/page"}],"author":[{"embeddable":true,"href":"https:\/\/segway-in-steyr.at\/sis\/wp-json\/wp\/v2\/users\/1"}],"replies":[{"embeddable":true,"href":"https:\/\/segway-in-steyr.at\/sis\/wp-json\/wp\/v2\/comments?post=2"}],"version-history":[{"count":114,"href":"https:\/\/segway-in-steyr.at\/sis\/wp-json\/wp\/v2\/pages\/2\/revisions"}],"predecessor-version":[{"id":819,"href":"https:\/\/segway-in-steyr.at\/sis\/wp-json\/wp\/v2\/pages\/2\/revisions\/819"}],"wp:attachment":[{"href":"https:\/\/segway-in-steyr.at\/sis\/wp-json\/wp\/v2\/media?parent=2"}],"curies":[{"name":"wp","href":"https:\/\/api.w.org\/{rel}","templated":true}]}}